{"id":1225,"date":"2020-09-21T07:43:42","date_gmt":"2020-09-21T07:43:42","guid":{"rendered":"https:\/\/oip-import-export.com\/?page_id=1225"},"modified":"2025-10-03T00:22:37","modified_gmt":"2025-10-02T22:22:37","slug":"privacy","status":"publish","type":"page","link":"https:\/\/oip-import-export.com\/de\/privacy\/","title":{"rendered":"Datenschutzerkl\u00e4rung"},"content":{"rendered":"<section class=\"wpb-content-wrapper\"><div class=\"vc-custom-col-spacing clearfix vc-col-spacing-30\"><section class=\"wpb_row vc_row-fluid row-content-position-Default\"><div class=\"prelude-container\"><div class=\"row-inner clearfix\"><div class=\"wpb_column vc_column_container vc_col-sm-12\"><div class=\"vc_column-inner\"><div class=\"wpb_wrapper\">\n\t<div class=\"wpb_text_column wpb_content_element\" >\n\t\t<div class=\"wpb_wrapper\">\n\t\t\t<h4><\/h4>\n<h4><strong>Erkl\u00e4rung zum Datenschutz<\/strong><\/h4>\n<h5><\/h5>\n<h5><strong>Allgemeine Bestimmungen<\/strong><\/h5>\n<p>Diese Datenschutzerkl\u00e4rung soll die Nutzer von <a href=\"https:\/\/oip-import-export.com\/de\/\">https:\/\/oip-import-export.com\/<\/a> \u00fcber Art, Umfang und Zweck der Erhebung und Verwendung personenbezogener Daten durch die OIP Import Export Services GmbH, Adresse: De-Saint Exupery Stra\u00dfe 10, 60549 Frankfurt a.M., E-Mail Adresse: <u>info@oip-import-export.com informieren.<\/u><\/p>\n<p>Wir nehmen den Schutz Ihrer Daten sehr ernst und behandeln Ihre personenbezogenen Daten vertraulich und entsprechend der gesetzlichen Vorschriften. Da sich durch neue Technologien und die st\u00e4ndige Weiterentwicklung dieser Website \u00c4nderungen an dieser Datenschutzerkl\u00e4rung ergeben k\u00f6nnen, empfehlen wir Ihnen, diese Datenschutzerkl\u00e4rung in regelm\u00e4\u00dfigen Abst\u00e4nden erneut zu lesen. Sie ist in \u00dcbereinstimmung mit den geltenden EU (Europ\u00e4ische Union) Compliance-Vorschriften zur Nutzung privater Daten Datenschutz Grundverordnung (DSGVO) verfasst. Definitionen der verwendeten Begriffe (z.B. \"personenbezogene Daten\" oder \"Verarbeitung\") finden Sie in Art. 4 DSGVO.<\/p>\n<h5><\/h5>\n<h5><strong>Kontaktformular<\/strong><\/h5>\n<p>Die von Ihnen eingegebenen Daten werden zum Zwecke der individuellen Kommunikation mit Ihnen gespeichert. Zu diesem Zweck ist es notwendig, eine g\u00fcltige E-Mail-Adresse und Ihren Namen anzugeben. Dies dient dazu, die Anfrage zuzuordnen und anschlie\u00dfend zu beantworten. Die Angabe von weiteren Daten ist freiwillig.<\/p>\n<p>Die Verarbeitung der in das Kontaktformular eingegebenen Daten erfolgt auf Grundlage eines berechtigten Interesses (Art. 6 Abs. 1 lit. f DSGVO).<\/p>\n<p>Mit der Bereitstellung des Kontaktformulars m\u00f6chten wir Ihnen die Kontaktaufnahme mit uns erleichtern. Die von Ihnen gemachten Angaben werden zum Zwecke der Bearbeitung der Anfrage sowie f\u00fcr m\u00f6gliche Anschluss Fragen gespeichert. Wenn Sie mit uns Kontakt aufnehmen, um ein Angebot anzufordern, werden die Angaben aus dem Kontaktformular zur Durchf\u00fchrung vorvertraglicher Ma\u00dfnahmen verarbeitet (Art. 6 Abs. 1 lit. b DSGVO).<\/p>\n<p>Empf\u00e4nger der Daten k\u00f6nnen Auftragsverarbeiter sein. Die Daten werden sp\u00e4testens 6 Monate nach Bearbeitung der Anfrage gel\u00f6scht. Sofern ein Vertragsverh\u00e4ltnis zustande kommt, unterliegen wir den gesetzlichen Aufbewahrungsfristen nach dem Handelsgesetzbuch (HGB) und l\u00f6schen Ihre Daten nach Ablauf dieser Fristen. Die Angabe Ihrer pers\u00f6nlichen Daten ist freiwillig.<\/p>\n<h5><\/h5>\n<h5><strong>Zugriffsdaten<\/strong><\/h5>\n<p>Wir bzw. der Seitenbetreiber erheben Daten \u00fcber Zugriffe auf die Website auf Grundlage unseres berechtigten Interesses (siehe Art. 6 Abs. 1 lit. f. DSGVO) und speichern diese Daten als \"Server-Logfiles\" auf dem Server der Website. Die folgenden Daten werden auf diese Weise protokolliert:<\/p>\n<p>Besuchte Webseite<\/p>\n<p>. Uhrzeit zum Zeitpunkt des Zugriffs<\/p>\n<p>. Menge der \u00fcbertragenen Daten in Bytes<\/p>\n<p>. Quelle\/Verweis, \u00fcber die Sie auf die Website zugegriffen haben<\/p>\n<p>. Verwendeter Browser<\/p>\n<p>. Verwendetes Betriebssystem<\/p>\n<p>. Verwendete IP-Adresse<\/p>\n<p>Die Server-Logfiles werden f\u00fcr maximal 7 Tage gespeichert und dann gel\u00f6scht. Die Daten werden aus Sicherheitsgr\u00fcnden gespeichert, um z.B. Missbrauchsf\u00e4lle aufkl\u00e4ren zu k\u00f6nnen. M\u00fcssen Daten aus Beweisgr\u00fcnden aufbewahrt werden, sind sie von der L\u00f6schung ausgeschlossen, bis der Vorfall abschlie\u00dfend gekl\u00e4rt ist.<\/p>\n<h5><\/h5>\n<h5><strong>Cookies<\/strong><\/h5>\n<p>Diese Seite verwendet \"Cookies\". Cookies sind kleine Textdateien, die auf Ihrem Endger\u00e4t (Laptop, Tablet, Smartphone o.\u00e4.) gespeichert werden, wenn Sie diese Seite aufrufen.<\/p>\n<p>Cookies werden verwendet, um diese Website benutzerfreundlicher zu gestalten. Einige Elemente dieser Website erfordern es, dass der aufrufende Browser auch nach einem Seitenwechsel identifiziert werden kann. Cookies k\u00f6nnen auch verwendet werden, um das Angebot einer Website besser auf die Interessen der Besucher abzustimmen oder auf der Grundlage statistischer Auswertungen allgemein zu verbessern.<\/p>\n<p>Der Zweck der Verwendung technisch notwendiger Cookies besteht darin, den Nutzern die Verwendung von Websites zu erleichtern. Einige Funktionen dieser Website k\u00f6nnen ohne den Einsatz von Cookies nicht angeboten werden. F\u00fcr diese ist es erforderlich, dass der Browser auch nach einem Seitenwechsel wiedererkannt wird.<\/p>\n<p>Die Verarbeitung von technisch notwendigen Cookies erfolgt gem\u00e4\u00df Art. 6 Abs.. 1 lit. f DSGVO auf der Grundlage unseres berechtigten Interesses an einer nutzerfreundlichen Gestaltung unserer Website und im Falle technisch nicht notwendiger Cookies auf der Grundlage Ihrer Einwilligung gem\u00e4\u00df Art. 6 Abs. 1 lit. a DSGVO.<\/p>\n<p>Empf\u00e4nger der Daten k\u00f6nnen technische Dienstleister sein, die als Auftragsverarbeiter f\u00fcr den Betrieb und die Pflege unserer Website t\u00e4tig sind. Zu diesem Zweck haben wir mit den Anbietern entsprechende Auftragsverarbeitungsvertr\u00e4ge abgeschlossen.<\/p>\n<p>Sie k\u00f6nnen einzelne Cookies oder das gesamte Cookie-Inventar \u00fcber Ihre Browsereinstellungen l\u00f6schen. Sie erhalten auch Informationen und Anleitungen, wie Sie diese Cookies l\u00f6schen oder deren Speicherung im Voraus blockieren k\u00f6nnen. Je nach Anbieter Ihres Browsers finden Sie die notwendigen Informationen unter den folgenden Links:<\/p>\n<p><strong>Mozilla Firefox:<\/strong><\/p>\n<p><a href=\"https:\/\/support.mozilla.org\/de\/kb\/cookies-loeschen-daten-von-websites-entfernen\">https:\/\/support.mozilla.org\/de\/kb\/cookies-loeschen-daten-von-websites-entfernen<\/a><\/p>\n<p><strong>Internet Explorer:<\/strong><\/p>\n<p><a href=\"https:\/\/support.microsoft.com\/de-de\/help\/17442\/windows-internet-explorer-delete-manage-cookies\">https:\/\/support.microsoft.com\/de-de\/help\/17442\/windows-internet-explorer-delete-manage-cookies<\/a><\/p>\n<p><strong>Google Chrome:<\/strong><\/p>\n<p><a href=\"https:\/\/support.google.com\/accounts\/answer\/61416?hl=de\">https:\/\/support.google.com\/accounts\/answer\/61416?hl=de<\/a><\/p>\n<p><strong>Opera:<\/strong><\/p>\n<p><a href=\"http:\/\/www.opera.com\/de\/help\">http:\/\/www.opera.com\/de\/help<\/a><\/p>\n<p><strong>Safari:<\/strong><\/p>\n<p><a href=\"https:\/\/support.apple.com\/kb\/PH17191?locale=de_DE&amp;viewlocale=de_DE\">https:\/\/support.apple.com\/kb\/PH17191?locale=de_DE&amp;viewlocale=de_DE<\/a><\/p>\n<p>Zus\u00e4tzlich k\u00f6nnen Sie das Laden von sogenannten Skripten standardm\u00e4\u00dfig verhindern. NoScript erlaubt die Ausf\u00fchrung von JavaScript, Java und anderen Plugins nur auf vertrauensw\u00fcrdigen Domains Ihrer Wahl. Informationen und Anleitungen, wie Sie diese Funktion bearbeiten k\u00f6nnen, erhalten Sie vom Anbieter Ihres Browsers (z.B. f\u00fcr Mozilla Firefox: <a href=\"https:\/\/addons.mozilla.org\/de\/firefox\/addon\/noscript\/\">https:\/\/addons.mozilla.org\/de\/firefox\/addon\/noscript\/<\/a>).<\/p>\n<h5><\/h5>\n<h5><strong>Technisch unn\u00f6tige Cookies<\/strong><\/h5>\n<p>Die von uns eingesetzten Tracking-Ma\u00dfnahmen erfolgen auf Grundlage von Art. 6 Abs.. 1 S. 1 lit. a DSGVO. Empf\u00e4nger der Daten k\u00f6nnen technische Dienstleister sein, die als Auftragsverarbeiter f\u00fcr den Betrieb und die Pflege unserer Website t\u00e4tig sind.<\/p>\n<p>Weitere Empf\u00e4nger finden Sie in den nachstehenden Informationen zu den verwendeten Anzeige-, Tracking-, Remarketing- und Webanalysetechnologien.<\/p>\n<h5><\/h5>\n<h5><strong>WordPress Statistics<\/strong><\/h5>\n<p>Diese Website verwendet \"WordPress-Statistiken\" zur statistischen Auswertung der Besucherzugriffe. Anbieter ist die<\/p>\n<p>Automattic Inc,<\/p>\n<p>60 29th Street #343,<\/p>\n<p>San Francisco,<\/p>\n<p>CA 94110-4929,<\/p>\n<p>USA.<\/p>\n<p>WordPress Statistics verwendet Technologien, die die Wiedererkennung des Nutzers zum Zweck der Analyse des Nutzerverhaltens erm\u00f6glichen (z. B. Cookies oder Device Fingerprinting). WordPress Statistics sammelt f\u00fcr die Analyse unter anderem Log-Dateien (Referrer, IP-Adresse, Browser usw.), die Herkunft der Website-Besucher (Land, Stadt) und welche Aktionen sie auf der Website durchgef\u00fchrt haben (z. B. Klicks, Ansichten, Downloads). Die so erhobenen Informationen \u00fcber die Nutzung dieser Website werden auf Servern in den USA gespeichert. Ihre IP-Adresse wird nach der Verarbeitung und vor der Speicherung anonymisiert. Der Einsatz dieses Analysetools erfolgt auf Grundlage von Art. 6 Abs. 1 lit. a DSGVO; die Einwilligung kann jederzeit widerrufen werden.<\/p>\n<h5><\/h5>\n<h5><strong>Social Media Links<\/strong><\/h5>\n<p>Wir verwenden auf unserer Website Social Plugins der unten aufgef\u00fchrten Anbieter. Sie k\u00f6nnen die Plugins daran erkennen, dass sie mit dem entsprechenden Logo gekennzeichnet sind.<\/p>\n<p>Diese Plugins k\u00f6nnen dazu verwendet werden, Informationen, die auch personenbezogene Daten enthalten k\u00f6nnen, an den Dienstanbieter zu senden und k\u00f6nnen von diesem genutzt werden. Die unbewusste und ungewollte Erhebung und \u00dcbermittlung von Daten an den Diensteanbieter verhindern wir durch eine 2-Klick-L\u00f6sung. Um ein gew\u00fcnschtes Social Plugin zu aktivieren, muss es zun\u00e4chst durch Anklicken des entsprechenden Buttons aktiviert werden. Erst wenn das Plugin aktiviert ist, wird die Erhebung von Informationen und deren \u00dcbermittlung an den Dienstanbieter ausgel\u00f6st. Wir selbst erheben keine personenbezogenen Daten \u00fcber die Social Plugins oder deren Nutzung.<\/p>\n<p>Wir haben keinen Einfluss darauf, welche Daten ein aktiviertes Plugin erhebt und wie diese Daten durch den Anbieter verwendet werden. Es muss derzeit davon ausgegangen werden, dass eine direkte Verbindung zu den Diensten des Anbieters hergestellt wird und zumindest die IP-Adresse und ger\u00e4tebezogene Informationen erhoben und genutzt werden. Es ist auch m\u00f6glich, dass der Dienstanbieter versucht, Cookies auf dem verwendeten Computer zu speichern. Welche Daten im Einzelnen erhoben und wie sie verwendet werden, entnehmen Sie bitte den Datenschutzhinweisen des jeweiligen Dienstanbieters. Hinweis: Wenn Sie gleichzeitig bei Facebook eingeloggt sind, kann Facebook Sie als Besucher einer bestimmten Seite identifizieren.<\/p>\n<p>Wir haben die Social-Media-Buttons der folgenden Unternehmen auf unserer Website integriert:<\/p>\n<ul>\n<li>Facebook Plugin<\/li>\n<li>Twitter Plugin<\/li>\n<li>Instagram Plugin<\/li>\n<li>Pinterest Plugin<\/li>\n<li>Google plus<\/li>\n<\/ul>\n<h5><\/h5>\n<h5><strong>Rechte des Nutzers<\/strong><\/h5>\n<p>Jede betroffene Person hat das Recht auf Auskunft (gem\u00e4\u00df Art. 15 DSGVO), das Recht auf Berichtigung (Art. 16 DSGVO), das Recht auf L\u00f6schung (Art. 17 DSGVO), das Recht auf Einschr\u00e4nkung der Verarbeitung (Art. 18 DSGVO), das Recht auf Widerspruch (Art. 21 DSGVO) sowie das Recht auf Daten\u00fcbertragbarkeit (Art. 20 DSGVO).<\/p>\n<p>F\u00fcr das Auskunftsrecht und das Recht auf L\u00f6schung gelten die Einschr\u00e4nkungen nach \u00a7\u00a7 34 und 35 Bundesdatenschutzgesetz (BDSG).<\/p>\n<p>Sie k\u00f6nnen uns gegen\u00fcber jederzeit Ihre Einwilligung zur Verarbeitung personenbezogener Daten widerrufen. Dies gilt auch f\u00fcr den Widerruf von Einwilligungserkl\u00e4rungen, die vor dem Inkrafttreten der Datenschutzgrundverordnung, also vor dem 25. Mai 2018, uns gegen\u00fcber abgegeben wurden. Bitte beachten Sie, dass der Widerruf nur f\u00fcr die Zukunft gilt. Verarbeitungen, die vor dem Widerruf erfolgt sind, sind davon nicht betroffen.<\/p>\n<p>Dar\u00fcber hinaus besteht ein Beschwerderecht bei einer Datenschutzaufsichtsbeh\u00f6rde (Art. 77 DSGVO, in Verbindung mit 19 BDSG). Eine Liste der Aufsichtsbeh\u00f6rden (f\u00fcr den nicht-\u00f6ffentlichen Bereich) mit ihren Anschriften finden Sie unter <a href=\"https:\/\/www.bfdi.bund.de\/DE\/Infothek\/Anschriften_Links\/anschriften_links-node.html\">https:\/\/www.bfdi.bund.de\/DE\/Infothek\/Anschriften_Links\/anschriften_links-node.html<\/a>.<\/p>\n<h5><\/h5>\n<h5><strong>Recht auf Einspruch<\/strong><\/h5>\n<p>Die Nutzer dieser Website k\u00f6nnen jederzeit von ihrem Widerspruchsrecht Gebrauch machen und der Verarbeitung ihrer personenbezogenen Daten widersprechen.<\/p>\n<p>Wenn Sie die \u00fcber Sie gespeicherten personenbezogenen Daten berichtigen, sperren, l\u00f6schen oder Auskunft \u00fcber diese erhalten m\u00f6chten oder wenn Sie Fragen zur Erhebung, Verarbeitung oder Nutzung Ihrer personenbezogenen Daten haben oder Ihre Einwilligung widerrufen m\u00f6chten, wenden Sie sich bitte an die folgende E-Mail-Adresse:<\/p>\n<p><strong>Bitte beachten:<\/strong> Je nachdem, welche personenbezogenen Daten, Cookies, Plug-ins usw. Sie auf Ihrer Website verwenden, m\u00fcssen Sie zus\u00e4tzliche Informationen in Ihre Datenschutzrichtlinie aufnehmen.<\/p>\n<p>Dazu geh\u00f6ren z. B. Informationen \u00fcber (Liste ist nicht vollst\u00e4ndig)<\/p>\n<p>. Die \u00dcbermittlung von Daten an Dritte und Drittanbieter<\/p>\n<p>. Integration von Diensten und Inhalten Dritter (z. B. Google-Schriftarten oder YouTube-Videos)<\/p>\n<p>. Vertragliche Leistung<\/p>\n<p>. Kontakt \u00fcber das Kontaktformular<\/p>\n<p>. Verwendung von Sitzungscookies<\/p>\n<p>. Verwendung von datenverarbeitenden Antispam-Plug-ins<\/p>\n<p>. Verwendung des Google Remarketing-Tags<\/p>\n<p>. Google+ oder Twitter-Schaltfl\u00e4chen verwenden<\/p>\n\n\t\t<\/div>\n\t<\/div>\n<\/div><\/div><\/div><\/div><\/div><\/section><\/div>\n<\/section>","protected":false},"excerpt":{"rendered":"Privacy Statement General Terms This privacy policy is intended to inform the users of https:\/\/oip-import-export.com\/ about the nature, extent and purpose of the collection and use of personal data by OIP Import Export Services GmbH, Adresse: De-Saint Exupery Stra\u00dfe 10, 60549 Frankfurt a.M., e-mail address: info@oip-import-export.com We take your data","protected":false},"author":2,"featured_media":0,"parent":0,"menu_order":0,"comment_status":"closed","ping_status":"closed","template":"","meta":[],"_links":{"self":[{"href":"https:\/\/oip-import-export.com\/de\/wp-json\/wp\/v2\/pages\/1225"}],"collection":[{"href":"https:\/\/oip-import-export.com\/de\/wp-json\/wp\/v2\/pages"}],"about":[{"href":"https:\/\/oip-import-export.com\/de\/wp-json\/wp\/v2\/types\/page"}],"author":[{"embeddable":true,"href":"https:\/\/oip-import-export.com\/de\/wp-json\/wp\/v2\/users\/2"}],"replies":[{"embeddable":true,"href":"https:\/\/oip-import-export.com\/de\/wp-json\/wp\/v2\/comments?post=1225"}],"version-history":[{"count":29,"href":"https:\/\/oip-import-export.com\/de\/wp-json\/wp\/v2\/pages\/1225\/revisions"}],"predecessor-version":[{"id":13771,"href":"https:\/\/oip-import-export.com\/de\/wp-json\/wp\/v2\/pages\/1225\/revisions\/13771"}],"wp:attachment":[{"href":"https:\/\/oip-import-export.com\/de\/wp-json\/wp\/v2\/media?parent=1225"}],"curies":[{"name":"wp","href":"https:\/\/api.w.org\/{rel}","templated":true}]}}