{"id":13429,"date":"2023-04-16T01:17:22","date_gmt":"2023-04-15T23:17:22","guid":{"rendered":"https:\/\/oip-import-export.com\/?page_id=13429"},"modified":"2023-07-01T13:25:06","modified_gmt":"2023-07-01T11:25:06","slug":"services","status":"publish","type":"page","link":"https:\/\/oip-import-export.com\/de\/services\/","title":{"rendered":"Dienstleistungen"},"content":{"rendered":"<section class=\"wpb-content-wrapper\"><div class=\"vc-custom-col-spacing clearfix vc-col-spacing-30\"><section class=\"wpb_row vc_row-fluid no-padding row-content-position-Default\"><div class=\"row-inner clearfix\"><div class=\"wpb_column vc_column_container vc_col-sm-12\"><div class=\"vc_column-inner\"><div class=\"wpb_wrapper\"><div class=\"prelude-simple-image simple\" style=\"\">\r\n\t\t\t\t<img alt=\"image\" src=\"https:\/\/oip-import-export.com\/wp-content\/uploads\/2023\/04\/Our-Services_Main_Option_01-scaled-e1682440305159.jpg\" \/> \r\n\t\t\t<\/div>\r\n\t<div class=\"prelude-spacer clearfix\" data-desktop=\"97\" data-mobi=\"60\" data-smobi=\"60\"><\/div><\/div><\/div><\/div><\/div><\/section><\/div><div class=\"vc-custom-col-spacing clearfix vc-col-spacing-30\"><section class=\"wpb_row vc_row-fluid row-content-position-Default\"><div class=\"prelude-container\"><div class=\"row-inner clearfix\"><div class=\"wpb_column vc_column_container vc_col-sm-12\"><div class=\"vc_column-inner\"><div class=\"wpb_wrapper\">\n\t<div class=\"wpb_text_column wpb_content_element\" >\n\t\t<div class=\"wpb_wrapper\">\n\t\t\t<h2 style=\"max-width: 700px; font-weight: 600; margin-bottom: 0;\"><b>Unsere Dienstleistungen<\/b><\/h2>\n\n\t\t<\/div>\n\t<\/div>\n\r\n\t<div class=\"prelude-spacer clearfix\" data-desktop=\"80\" data-mobi=\"50\" data-smobi=\"50\"><\/div><div class=\"prelude-content-box clearfix\" ><div class=\"vc-custom-col-inner-spacing clearfix vc-col-inner-spacing-30\"><div class=\"wpb_row vc_inner vc_row-fluid\"><div class=\"wpb_column vc_column_container vc_col-sm-12\"><div class=\"vc_column-inner\"><div class=\"wpb_wrapper\">\n\t<div class=\"wpb_text_column wpb_content_element\" >\n\t\t<div class=\"wpb_wrapper\">\n\t\t\t<p><span style=\"font-weight: 400;\">Wir sind bestrebt, Ihnen den Zugang zu verschiedenen regionalen M\u00e4rkten auf der ganzen Welt zu erleichtern. OIP in Frankfurt am Main arbeitet mit lokalen Handelspartnern in verschiedenen Regionen zusammen, um unseren OEM-Partnern einen optimalen Markteintritt, Wachstum und Entwicklung zu erm\u00f6glichen. Gleichzeitig legen wir unseren Fokus darauf, sicherzustellen, dass die Endkunden die beste Beratung, Unterst\u00fctzung und den besten Service erhalten, um ihre Erfahrungen mit OIP-Produkten so positiv und dauerhaft wie m\u00f6glich zu gestalten. Unser Hauptziel ist es, Kundentreue und Zufriedenheit bei allen unseren Kunden zu erreichen und zu erhalten.<\/span><\/p>\n<p><span style=\"font-weight: 400;\">Mehrwert f\u00fcr OEMs: Mit OIP k\u00f6nnen Sie und Ihr Unternehmen sich auf das konzentrieren, was Sie am besten k\u00f6nnen, n\u00e4mlich Ihr Produkt kontinuierlich zu verbessern und zu optimieren, um die Bed\u00fcrfnisse unserer Kunden bestm\u00f6glich zu erf\u00fcllen. Wir und unser Netzwerk von Partnern und Dienstleistern erleichtern Ihnen den Weg in Ihren Zielmarkt, und Ihr Unternehmen kann seine schlanken Prozesse beibehalten und die Kosten minimieren. Das Wichtigste dabei ist, dass Ihr Unternehmen seine Exportums\u00e4tze und -einnahmen ohne zus\u00e4tzliche Kosten und Anstrengungen steigern und verbessern kann.<\/span><\/p>\n<p><span style=\"font-weight: 400;\">Mehrwert f\u00fcr Kunden: Unsere Kunden sind durch unseren Service in der sehr komfortablen Lage, qualitativ hochwertige Produkte zum niedrigsten m\u00f6glichen Preis zu erwerben, erstklassige professionelle Beratung vor und nach der Kaufentscheidung zu erhalten, Unterst\u00fctzung durch unsere hochqualifizierten lokalen Servicepartner zu bekommen, Garantie Antr\u00e4ge zu bearbeiten, bei Bedarf Wartungsdienste durch geschultes Personal zu erhalten, Ersatzteile vom Originalhersteller zu erhalten, bei Bedarf Produkt-Upgrades zu erwerben, unsere hochwertigen Produkte zu einem Einzelhandelspreis zu erwerben, der nicht h\u00f6her ist als im Ursprungsland, einschlie\u00dflich aller oben genannten Vorteile.<\/span><\/p>\n\n\t\t<\/div>\n\t<\/div>\n\r\n\t<div class=\"prelude-spacer clearfix\" data-desktop=\"80\" data-mobi=\"50\" data-smobi=\"50\"><\/div><\/div><\/div><\/div><\/div><\/div><\/div><\/div><\/div><\/div><\/div><\/div><\/section><\/div><div class=\"vc-custom-col-spacing clearfix vc-col-spacing-30\"><section class=\"wpb_row vc_row-fluid row-content-position-Default\"><div class=\"prelude-container\"><div class=\"row-inner clearfix\"><div class=\"wpb_column vc_column_container vc_col-sm-4\"><div class=\"vc_column-inner\"><div class=\"wpb_wrapper\"><div class=\"prelude-single-heading clearfix  has-line\" style=\"\"><span class=\"inner\"><span class=\"line accent\" style=\"width:40px;height:2px;\"><\/span><span class=\"heading clearfix\" style=\"font-weight:600;color:#0a0a0a;\">\r\n\t\tVERTRIEB VON HIGH-END-PRODUKTEN\r\n\t<\/span><\/span><\/div>\n\t<div class=\"wpb_text_column wpb_content_element\" >\n\t\t<div class=\"wpb_wrapper\">\n\t\t\t<p><span style=\"font-weight: 400;\">Unser Schwerpunkt liegt auf dem Vertrieb und der Vermarktung von erstklassigen Qualit\u00e4ts- und High-End-Produkten, die von unseren Partnern entworfen, entwickelt und produziert werden.<\/span><\/p>\n\n\t\t<\/div>\n\t<\/div>\n\r\n\t<div class=\"prelude-spacer clearfix\" data-desktop=\"90\" data-mobi=\"40\" data-smobi=\"30\"><\/div><\/div><\/div><\/div><div class=\"wpb_column vc_column_container vc_col-sm-4\"><div class=\"vc_column-inner\"><div class=\"wpb_wrapper\"><div class=\"prelude-single-heading clearfix  has-line\" style=\"\"><span class=\"inner\"><span class=\"line accent\" style=\"width:40px;height:2px;\"><\/span><span class=\"heading clearfix\" style=\"font-weight:600;color:#0a0a0a;\">\r\n\t\tSTRATEGISCHER MARKTEINTRITT\r\n\t<\/span><\/span><\/div>\n\t<div class=\"wpb_text_column wpb_content_element\" >\n\t\t<div class=\"wpb_wrapper\">\n\t\t\t<p>Sorgf\u00e4ltige Marktanalyse und -Bewertung zusammen mit lokalen Partnern, um die besten Strategien zu entwickeln, um die Sichtbarkeit des Produkts zu erh\u00f6hen, den Verkauf anzukurbeln und die Hindernisse eines neuen Marktes zu \u00fcberwinden.<\/p>\n\n\t\t<\/div>\n\t<\/div>\n\r\n\t<div class=\"prelude-spacer clearfix\" data-desktop=\"90\" data-mobi=\"40\" data-smobi=\"30\"><\/div><\/div><\/div><\/div><div class=\"wpb_column vc_column_container vc_col-sm-4\"><div class=\"vc_column-inner\"><div class=\"wpb_wrapper\"><div class=\"prelude-single-heading clearfix  has-line\" style=\"\"><span class=\"inner\"><span class=\"line accent\" style=\"width:40px;height:2px;\"><\/span><span class=\"heading clearfix\" style=\"font-weight:600;color:#0a0a0a;\">\r\n\t\tERSTKLASSIGER KUNDENSERVICE\r\n\t<\/span><\/span><\/div>\n\t<div class=\"wpb_text_column wpb_content_element\" >\n\t\t<div class=\"wpb_wrapper\">\n\t\t\t<p><span style=\"font-weight: 400;\">Wir bieten unseren Fachh\u00e4ndlern und Kunden eine effiziente und effektive Beratung auf der Basis von hohem Produkt-Know-how und bester technischer Unterst\u00fctzung in jeder Situation.<\/span><\/p>\n\n\t\t<\/div>\n\t<\/div>\n\r\n\t<div class=\"prelude-spacer clearfix\" data-desktop=\"90\" data-mobi=\"40\" data-smobi=\"30\"><\/div><\/div><\/div><\/div><\/div><\/div><\/section><\/div>\n<\/section>","protected":false},"excerpt":{"rendered":"Our Services We are dedicated to easing your access to various regional markets on the globe. OIP in Frankfurt, Germany works in collaboration with local dealership partners with locality in various regions to provide an optimized market entry, growth and development to our OEM partners. At the same time we","protected":false},"author":5,"featured_media":0,"parent":0,"menu_order":0,"comment_status":"closed","ping_status":"closed","template":"","meta":[],"_links":{"self":[{"href":"https:\/\/oip-import-export.com\/de\/wp-json\/wp\/v2\/pages\/13429"}],"collection":[{"href":"https:\/\/oip-import-export.com\/de\/wp-json\/wp\/v2\/pages"}],"about":[{"href":"https:\/\/oip-import-export.com\/de\/wp-json\/wp\/v2\/types\/page"}],"author":[{"embeddable":true,"href":"https:\/\/oip-import-export.com\/de\/wp-json\/wp\/v2\/users\/5"}],"replies":[{"embeddable":true,"href":"https:\/\/oip-import-export.com\/de\/wp-json\/wp\/v2\/comments?post=13429"}],"version-history":[{"count":10,"href":"https:\/\/oip-import-export.com\/de\/wp-json\/wp\/v2\/pages\/13429\/revisions"}],"predecessor-version":[{"id":13761,"href":"https:\/\/oip-import-export.com\/de\/wp-json\/wp\/v2\/pages\/13429\/revisions\/13761"}],"wp:attachment":[{"href":"https:\/\/oip-import-export.com\/de\/wp-json\/wp\/v2\/media?parent=13429"}],"curies":[{"name":"wp","href":"https:\/\/api.w.org\/{rel}","templated":true}]}}