{"id":13437,"date":"2023-04-16T01:33:28","date_gmt":"2023-04-15T23:33:28","guid":{"rendered":"https:\/\/oip-import-export.com\/?page_id=13437"},"modified":"2023-05-05T08:41:39","modified_gmt":"2023-05-05T06:41:39","slug":"high-end-product-distribution","status":"publish","type":"page","link":"https:\/\/oip-import-export.com\/de\/high-end-product-distribution\/","title":{"rendered":"DIstribution von High-End-Produkten"},"content":{"rendered":"<section class=\"wpb-content-wrapper\"><div class=\"vc-custom-col-spacing clearfix vc-col-spacing-30\"><section class=\"wpb_row vc_row-fluid no-padding row-content-position-Default\"><div class=\"row-inner clearfix\"><div class=\"wpb_column vc_column_container vc_col-sm-12\"><div class=\"vc_column-inner\"><div class=\"wpb_wrapper\"><div class=\"prelude-simple-image simple\" style=\"\">\r\n\t\t\t\t<img alt=\"image\" src=\"https:\/\/oip-import-export.com\/wp-content\/uploads\/2023\/04\/High-End-Product-Distribution_Main_Option_02-scaled-e1682438453334.jpg\" \/> \r\n\t\t\t<\/div><\/div><\/div><\/div><\/div><\/section><\/div><div class=\"vc-custom-col-spacing clearfix vc-col-spacing-30\"><section class=\"wpb_row vc_row-fluid row-content-position-Default\"><div class=\"prelude-container\"><div class=\"row-inner clearfix\"><div class=\"wpb_column vc_column_container vc_col-sm-12\"><div class=\"vc_column-inner\"><div class=\"wpb_wrapper\">\r\n\t<div class=\"prelude-spacer clearfix\" data-desktop=\"80\" data-mobi=\"50\" data-smobi=\"50\"><\/div><div class=\"prelude-single-heading clearfix  has-line\" style=\"\"><span class=\"inner\"><span class=\"line accent\" style=\"width:40px;height:2px;\"><\/span><span class=\"heading clearfix\" style=\"font-weight:700;color:#0a0a0a;\">\r\n\t\tDIstribution von High-End-Produkten\r\n\t<\/span><\/span><\/div><div class=\"prelude-list clearfix icon-middle\" >\r\n\t\t<div style=\"\">\r\n\t\t\t<span style=\"padding-left:30px;\"> <span style=\"\">Netzwerk von OEMs<\/span><\/span>\r\n\t\t<\/div>\r\n\t<\/div><div class=\"prelude-list clearfix icon-middle\" >\r\n\t\t<div style=\"\">\r\n\t\t\t<span style=\"padding-left:30px;\"> <span style=\"\">Netzwerk lokaler Partner<\/span><\/span>\r\n\t\t<\/div>\r\n\t<\/div><div class=\"prelude-list clearfix icon-middle\" >\r\n\t\t<div style=\"\">\r\n\t\t\t<span style=\"padding-left:30px;\"> <span style=\"\">Netzwerk von Wartungsdienstleistern<\/span><\/span>\r\n\t\t<\/div>\r\n\t<\/div>\r\n\t<div class=\"prelude-spacer clearfix\" data-desktop=\"80\" data-mobi=\"50\" data-smobi=\"50\"><\/div><div class=\"prelude-content-box clearfix\" ><div class=\"vc-custom-col-inner-spacing clearfix vc-col-inner-spacing-30\"><div class=\"wpb_row vc_inner vc_row-fluid\"><div class=\"wpb_column vc_column_container vc_col-sm-3\/5\"><div class=\"vc_column-inner\"><div class=\"wpb_wrapper\">\r\n\t<div class=\"prelude-spacer clearfix\" data-desktop=\"20\" data-mobi=\"5\" data-smobi=\"5\"><\/div><div class=\"prelude-single-heading clearfix  has-line\" style=\"\"><span class=\"inner\"><span class=\"line accent\" style=\"width:40px;height:2px;\"><\/span><span class=\"heading clearfix\" style=\"font-weight:700;color:#0a0a0a;\">\r\n\t\tNetzwerk von OEMs\r\n\t<\/span><\/span><\/div>\n\t<div class=\"wpb_text_column wpb_content_element\" >\n\t\t<div class=\"wpb_wrapper\">\n\t\t\t<p><span style=\"font-weight: 400;\">OIP arbeitet mit verschiedenen OEM-Partnern (Original Equipment Manufacturers) zusammen, die sich durch eine besondere Produktqualit\u00e4t f\u00fcr das von uns ausgew\u00e4hlte Kundensegment in verschiedenen Regionen auszeichnen. Unsere Partner k\u00f6nnen durch uns Zugang zu verschiedenen regionalen M\u00e4rkten in unterschiedlichen Teilen der Welt erhalten. <\/span><\/p>\n<p><span style=\"font-weight: 400;\">Wir arbeiten mit lokalen Akteuren in verschiedenen Funktionen zusammen, um eine optimale Positionierung der Produkte unserer OEMs auf dem Markt zu erm\u00f6glichen, alle m\u00f6glichen Markteintrittsbarrieren und rechtlichen Hindernisse zu \u00fcberwinden, einen stabilen Kundenstamm durch ein optimiertes Servicenetz und Beratung zu sichern und in ein kontinuierliches Marktwachstum mit dem Ziel der Umsatzmaximierung f\u00fcr unsere OEM-Partner zu investieren. <\/span><\/p>\n<p><span style=\"font-weight: 400;\">Unsere Partner-OEMs m\u00fcssen weder ihr Personal aufstocken noch sich auf die Suche nach Experten in verschiedenen Bereichen begeben, um Zugang zu neuen M\u00e4rkten zu erhalten.<\/span><\/p>\n\n\t\t<\/div>\n\t<\/div>\n\r\n\t<div class=\"prelude-spacer clearfix\" data-desktop=\"80\" data-mobi=\"50\" data-smobi=\"50\"><\/div><\/div><\/div><\/div><div class=\"wpb_column vc_column_container vc_col-sm-2\/5\"><div class=\"vc_column-inner\"><div class=\"wpb_wrapper\"><div class=\"prelude-image-box clearfix style-1\" style=\"\" >\r\n        <div class=\"item\">\r\n            <div class=\"inner\">\r\n                <div class=\"thumb\" style=\"\"><img width=\"2560\" height=\"1707\" src=\"https:\/\/oip-import-export.com\/wp-content\/uploads\/2023\/04\/Network-of-OEMs_Option_01-scaled.jpg\" class=\"attachment-full size-full\" alt=\"\" decoding=\"async\" loading=\"lazy\" srcset=\"https:\/\/oip-import-export.com\/wp-content\/uploads\/2023\/04\/Network-of-OEMs_Option_01-scaled.jpg 2560w, https:\/\/oip-import-export.com\/wp-content\/uploads\/2023\/04\/Network-of-OEMs_Option_01-300x200.jpg 300w, https:\/\/oip-import-export.com\/wp-content\/uploads\/2023\/04\/Network-of-OEMs_Option_01-1024x683.jpg 1024w, https:\/\/oip-import-export.com\/wp-content\/uploads\/2023\/04\/Network-of-OEMs_Option_01-768x512.jpg 768w, https:\/\/oip-import-export.com\/wp-content\/uploads\/2023\/04\/Network-of-OEMs_Option_01-1536x1024.jpg 1536w, https:\/\/oip-import-export.com\/wp-content\/uploads\/2023\/04\/Network-of-OEMs_Option_01-2048x1365.jpg 2048w, https:\/\/oip-import-export.com\/wp-content\/uploads\/2023\/04\/Network-of-OEMs_Option_01-535x357.jpg 535w\" sizes=\"(max-width: 2560px) 100vw, 2560px\" \/> <\/div>\r\n                <div class=\"text-wrap\" style=\"\">\r\n                      \r\n                <\/div>\r\n                \r\n            <\/div>\r\n        <\/div>\r\n    <\/div>\r\n\t<div class=\"prelude-spacer clearfix\" data-desktop=\"80\" data-mobi=\"50\" data-smobi=\"50\"><\/div><\/div><\/div><\/div><\/div><\/div><\/div><div class=\"prelude-content-box clearfix\" ><div class=\"vc-custom-col-inner-spacing clearfix vc-col-inner-spacing-30\"><div class=\"wpb_row vc_inner vc_row-fluid\"><div class=\"wpb_column vc_column_container vc_col-sm-2\/5 vc_col-lg-2\/5\"><div class=\"vc_column-inner\"><div class=\"wpb_wrapper\"><div class=\"prelude-image-box clearfix style-1 text-center\" style=\"\" >\r\n        <div class=\"item\">\r\n            <div class=\"inner\">\r\n                <div class=\"thumb\" style=\"\"><img width=\"2560\" height=\"1707\" src=\"https:\/\/oip-import-export.com\/wp-content\/uploads\/2023\/04\/Network-of-local-partners_Option_01-scaled.jpg\" class=\"attachment-full size-full\" alt=\"\" decoding=\"async\" loading=\"lazy\" srcset=\"https:\/\/oip-import-export.com\/wp-content\/uploads\/2023\/04\/Network-of-local-partners_Option_01-scaled.jpg 2560w, https:\/\/oip-import-export.com\/wp-content\/uploads\/2023\/04\/Network-of-local-partners_Option_01-300x200.jpg 300w, https:\/\/oip-import-export.com\/wp-content\/uploads\/2023\/04\/Network-of-local-partners_Option_01-1024x683.jpg 1024w, https:\/\/oip-import-export.com\/wp-content\/uploads\/2023\/04\/Network-of-local-partners_Option_01-768x512.jpg 768w, https:\/\/oip-import-export.com\/wp-content\/uploads\/2023\/04\/Network-of-local-partners_Option_01-1536x1024.jpg 1536w, https:\/\/oip-import-export.com\/wp-content\/uploads\/2023\/04\/Network-of-local-partners_Option_01-2048x1365.jpg 2048w, https:\/\/oip-import-export.com\/wp-content\/uploads\/2023\/04\/Network-of-local-partners_Option_01-535x357.jpg 535w\" sizes=\"(max-width: 2560px) 100vw, 2560px\" \/> <\/div>\r\n                <div class=\"text-wrap\" style=\"\">\r\n                      \r\n                <\/div>\r\n                \r\n            <\/div>\r\n        <\/div>\r\n    <\/div>\r\n\t<div class=\"prelude-spacer clearfix\" data-desktop=\"80\" data-mobi=\"50\" data-smobi=\"50\"><\/div><\/div><\/div><\/div><div class=\"wpb_column vc_column_container vc_col-sm-3\/5\"><div class=\"vc_column-inner\"><div class=\"wpb_wrapper\">\r\n\t<div class=\"prelude-spacer clearfix\" data-desktop=\"20\" data-mobi=\"5\" data-smobi=\"5\"><\/div><div class=\"prelude-single-heading clearfix  has-line\" style=\"\"><span class=\"inner\"><span class=\"line accent\" style=\"width:40px;height:2px;\"><\/span><span class=\"heading clearfix\" style=\"font-weight:700;color:#0a0a0a;\">\r\n\t\tNetzwerk lokaler Partner\r\n\t<\/span><\/span><\/div>\n\t<div class=\"wpb_text_column wpb_content_element\" >\n\t\t<div class=\"wpb_wrapper\">\n\t\t\t<p><span style=\"font-weight: 400;\">Wir arbeiten mit vertrauensw\u00fcrdigen und seri\u00f6sen lokalen Partnern zusammen, die direkten Zugang zu ihren jeweiligen lokalen M\u00e4rkten haben und diese gut kennen. <\/span><\/p>\n<p><span style=\"font-weight: 400;\">Unsere lokalen Partner nehmen zus\u00e4tzlich eine Reihe von Experten in verschiedenen Gesch\u00e4ftsbereichen unter Vertrag, um eine gewinnbringende und erfolgreiche Produkteinf\u00fchrung, Marktwachstum, Sichtbarkeit und Werbung und vor allem beste Kundenerfahrungen im Einzelhandel durch Beratung und Pflege auf hohem Niveau durch hervorragend ausgebildete Vertriebsmitarbeiter und Servicepersonal zu gew\u00e4hrleisten.<\/span><\/p>\n\n\t\t<\/div>\n\t<\/div>\n\r\n\t<div class=\"prelude-spacer clearfix\" data-desktop=\"80\" data-mobi=\"50\" data-smobi=\"50\"><\/div><\/div><\/div><\/div><\/div><\/div><\/div><div class=\"prelude-content-box clearfix\" ><div class=\"vc-custom-col-inner-spacing clearfix vc-col-inner-spacing-30\"><div class=\"wpb_row vc_inner vc_row-fluid\"><div class=\"wpb_column vc_column_container vc_col-sm-3\/5\"><div class=\"vc_column-inner\"><div class=\"wpb_wrapper\">\r\n\t<div class=\"prelude-spacer clearfix\" data-desktop=\"20\" data-mobi=\"5\" data-smobi=\"5\"><\/div><div class=\"prelude-single-heading clearfix  has-line\" style=\"\"><span class=\"inner\"><span class=\"line accent\" style=\"width:40px;height:2px;\"><\/span><span class=\"heading clearfix\" style=\"font-weight:700;color:#0a0a0a;\">\r\n\t\tNetzwerk von Wartungsdienstleistern\r\n\t<\/span><\/span><\/div>\n\t<div class=\"wpb_text_column wpb_content_element\" >\n\t\t<div class=\"wpb_wrapper\">\n\t\t\t<p><span style=\"font-weight: 400;\">Wir werden von unserer Leidenschaft angetrieben, unseren Einzelhandelskunden dauerhaft das beste Kauf- und Serviceerlebnis zu bieten. Dies beginnt mit dem ersten Kontakt und h\u00e4lt \u00fcber die gesamte Lebensdauer des Produkts an. Um diesen hohen Servicestandard aufrechtzuerhalten, arbeiten wir mit einem Netzwerk von Servicepartnern zusammen, die \u00fcber exzellent geschultes Personal verf\u00fcgen. <\/span><\/p>\n<p><span style=\"font-weight: 400;\">Unser Servicepersonal holt Ihr Produkt bei Bedarf pers\u00f6nlich ab, repariert den Schaden, liefert es an Sie zur\u00fcck und richtet es im Garantiefall oder bei Wartungs- und Aufr\u00fcstungsbedarf ein. Dar\u00fcber hinaus verf\u00fcgen wir \u00fcber ein Netz von Vertriebsmitarbeitern, die in engem Kontakt mit unseren Kunden stehen und sie beraten, wenn sie Fragen haben oder mehr \u00fcber unsere Produkte erfahren m\u00f6chten.<\/span><\/p>\n\n\t\t<\/div>\n\t<\/div>\n\r\n\t<div class=\"prelude-spacer clearfix\" data-desktop=\"80\" data-mobi=\"50\" data-smobi=\"50\"><\/div><\/div><\/div><\/div><div class=\"wpb_column vc_column_container vc_col-sm-2\/5\"><div class=\"vc_column-inner\"><div class=\"wpb_wrapper\"><div class=\"prelude-image-box clearfix style-1\" style=\"\" >\r\n        <div class=\"item\">\r\n            <div class=\"inner\">\r\n                <div class=\"thumb\" style=\"\"><img width=\"2560\" height=\"1707\" src=\"https:\/\/oip-import-export.com\/wp-content\/uploads\/2023\/04\/Network-Maintenance-and-service-providers__Option_01-scaled.jpg\" class=\"attachment-full size-full\" alt=\"\" decoding=\"async\" loading=\"lazy\" srcset=\"https:\/\/oip-import-export.com\/wp-content\/uploads\/2023\/04\/Network-Maintenance-and-service-providers__Option_01-scaled.jpg 2560w, https:\/\/oip-import-export.com\/wp-content\/uploads\/2023\/04\/Network-Maintenance-and-service-providers__Option_01-300x200.jpg 300w, https:\/\/oip-import-export.com\/wp-content\/uploads\/2023\/04\/Network-Maintenance-and-service-providers__Option_01-1024x683.jpg 1024w, https:\/\/oip-import-export.com\/wp-content\/uploads\/2023\/04\/Network-Maintenance-and-service-providers__Option_01-768x512.jpg 768w, https:\/\/oip-import-export.com\/wp-content\/uploads\/2023\/04\/Network-Maintenance-and-service-providers__Option_01-1536x1024.jpg 1536w, https:\/\/oip-import-export.com\/wp-content\/uploads\/2023\/04\/Network-Maintenance-and-service-providers__Option_01-2048x1365.jpg 2048w, https:\/\/oip-import-export.com\/wp-content\/uploads\/2023\/04\/Network-Maintenance-and-service-providers__Option_01-535x357.jpg 535w\" sizes=\"(max-width: 2560px) 100vw, 2560px\" \/> <\/div>\r\n                <div class=\"text-wrap\" style=\"\">\r\n                      \r\n                <\/div>\r\n                \r\n            <\/div>\r\n        <\/div>\r\n    <\/div>\r\n\t<div class=\"prelude-spacer clearfix\" data-desktop=\"80\" data-mobi=\"50\" data-smobi=\"50\"><\/div><\/div><\/div><\/div><\/div><\/div><\/div><\/div><\/div><\/div><\/div><\/div><\/section><\/div>\n<\/section>","protected":false},"excerpt":{"rendered":"High-End Product Distribution Network of OEMs Network of local partners Network of Maintenance service providers Network of OEMs: OIP works with various OEMs (Original Equipment Manufacturers) partners with distinctive product quality for our chose segment of customers in various regions. Our partners through us can gain access to various regional","protected":false},"author":5,"featured_media":0,"parent":0,"menu_order":0,"comment_status":"closed","ping_status":"closed","template":"","meta":[],"_links":{"self":[{"href":"https:\/\/oip-import-export.com\/de\/wp-json\/wp\/v2\/pages\/13437"}],"collection":[{"href":"https:\/\/oip-import-export.com\/de\/wp-json\/wp\/v2\/pages"}],"about":[{"href":"https:\/\/oip-import-export.com\/de\/wp-json\/wp\/v2\/types\/page"}],"author":[{"embeddable":true,"href":"https:\/\/oip-import-export.com\/de\/wp-json\/wp\/v2\/users\/5"}],"replies":[{"embeddable":true,"href":"https:\/\/oip-import-export.com\/de\/wp-json\/wp\/v2\/comments?post=13437"}],"version-history":[{"count":19,"href":"https:\/\/oip-import-export.com\/de\/wp-json\/wp\/v2\/pages\/13437\/revisions"}],"predecessor-version":[{"id":13721,"href":"https:\/\/oip-import-export.com\/de\/wp-json\/wp\/v2\/pages\/13437\/revisions\/13721"}],"wp:attachment":[{"href":"https:\/\/oip-import-export.com\/de\/wp-json\/wp\/v2\/media?parent=13437"}],"curies":[{"name":"wp","href":"https:\/\/api.w.org\/{rel}","templated":true}]}}