{"id":13442,"date":"2023-04-16T01:47:45","date_gmt":"2023-04-15T23:47:45","guid":{"rendered":"https:\/\/oip-import-export.com\/?page_id=13442"},"modified":"2023-05-05T08:43:56","modified_gmt":"2023-05-05T06:43:56","slug":"strategic-market-entry","status":"publish","type":"page","link":"https:\/\/oip-import-export.com\/de\/strategic-market-entry\/","title":{"rendered":"Strategischer Markteintritt"},"content":{"rendered":"<section class=\"wpb-content-wrapper\"><div class=\"vc-custom-col-spacing clearfix vc-col-spacing-30\"><section class=\"wpb_row vc_row-fluid no-padding row-content-position-Default\"><div class=\"row-inner clearfix\"><div class=\"wpb_column vc_column_container vc_col-sm-12\"><div class=\"vc_column-inner\"><div class=\"wpb_wrapper\"><div class=\"prelude-simple-image simple\" style=\"\">\r\n\t\t\t\t<img alt=\"image\" src=\"https:\/\/oip-import-export.com\/wp-content\/uploads\/2023\/04\/Strategic-Market-Entry_Main_Option_01-1-scaled-e1682438338107.jpg\" \/> \r\n\t\t\t<\/div><\/div><\/div><\/div><\/div><\/section><\/div><div class=\"vc-custom-col-spacing clearfix vc-col-spacing-30\"><section class=\"wpb_row vc_row-fluid row-content-position-Default\"><div class=\"prelude-container\"><div class=\"row-inner clearfix\"><div class=\"wpb_column vc_column_container vc_col-sm-12\"><div class=\"vc_column-inner\"><div class=\"wpb_wrapper\">\r\n\t<div class=\"prelude-spacer clearfix\" data-desktop=\"80\" data-mobi=\"50\" data-smobi=\"50\"><\/div><div class=\"prelude-single-heading clearfix  has-line\" style=\"\"><span class=\"inner\"><span class=\"line accent\" style=\"width:40px;height:2px;\"><\/span><span class=\"heading clearfix\" style=\"font-weight:700;color:#0a0a0a;\">\r\n\t\tStrategischer Markteintritt\r\n\t<\/span><\/span><\/div><div class=\"prelude-list clearfix icon-middle\" >\r\n\t\t<div style=\"\">\r\n\t\t\t<span style=\"padding-left:30px;\"> <span style=\"\">Planung des Markteintritts<\/span><\/span>\r\n\t\t<\/div>\r\n\t<\/div><div class=\"prelude-list clearfix icon-middle\" >\r\n\t\t<div style=\"\">\r\n\t\t\t<span style=\"padding-left:30px;\"> <span style=\"\">Planung des Marktwachstums<\/span><\/span>\r\n\t\t<\/div>\r\n\t<\/div>\r\n\t<div class=\"prelude-spacer clearfix\" data-desktop=\"80\" data-mobi=\"50\" data-smobi=\"50\"><\/div><div class=\"prelude-content-box clearfix\" ><div class=\"vc-custom-col-inner-spacing clearfix vc-col-inner-spacing-30\"><div class=\"wpb_row vc_inner vc_row-fluid\"><div class=\"wpb_column vc_column_container vc_col-sm-3\/5\"><div class=\"vc_column-inner\"><div class=\"wpb_wrapper\">\r\n\t<div class=\"prelude-spacer clearfix\" data-desktop=\"20\" data-mobi=\"5\" data-smobi=\"5\"><\/div><div class=\"prelude-single-heading clearfix  has-line\" style=\"\"><span class=\"inner\"><span class=\"line accent\" style=\"width:40px;height:2px;\"><\/span><span class=\"heading clearfix\" style=\"font-weight:700;color:#0a0a0a;\">\r\n\t\tPlanung des Markteintritts\r\n\t<\/span><\/span><\/div>\n\t<div class=\"wpb_text_column wpb_content_element\" >\n\t\t<div class=\"wpb_wrapper\">\n\t\t\t<p><span style=\"font-weight: 400;\">OIP und der lokale Partner analysieren und bewerten vor der Produkteinf\u00fchrung in den jeweiligen Markt sorgf\u00e4ltig die Strategie f\u00fcr die Produkteinf\u00fchrung in den neuen Markt und legen sie fest. <\/span><\/p>\n<p><span style=\"font-weight: 400;\">Dies beinhaltet die Definition der Zielgruppen und der Nachfrage, welche Schritte erforderlich sind, um das Produkt f\u00fcr die Zielgruppe sichtbar zu machen, Logistik und Marketing, Finanzierung, Kundendienst, Personal und Schulung, Vertriebsnetz, Garantie- und Wartungsprozess, Ma\u00dfnahmen zur Optimierung und Aufrechterhaltung einer hohen Kundenzufriedenheit usw. <\/span><\/p>\n<p><span style=\"font-weight: 400;\">Ein weiteres und entscheidendes Element der Markteintrittsstrategie ist die Definition von Markteintrittsbarrieren und der notwendigen Ma\u00dfnahmen, um diese zu bew\u00e4ltigen und die Projektrisiken zu minimieren.<\/span><\/p>\n\n\t\t<\/div>\n\t<\/div>\n\r\n\t<div class=\"prelude-spacer clearfix\" data-desktop=\"80\" data-mobi=\"50\" data-smobi=\"50\"><\/div><\/div><\/div><\/div><div class=\"wpb_column vc_column_container vc_col-sm-2\/5\"><div class=\"vc_column-inner\"><div class=\"wpb_wrapper\"><div class=\"prelude-simple-image simple\" style=\"\">\r\n\t\t\t\t<img alt=\"image\" src=\"https:\/\/oip-import-export.com\/wp-content\/uploads\/2023\/04\/Market-Entry-Planning_Option_01-scaled.jpg\" \/> \r\n\t\t\t<\/div>\r\n\t<div class=\"prelude-spacer clearfix\" data-desktop=\"80\" data-mobi=\"50\" data-smobi=\"50\"><\/div><\/div><\/div><\/div><\/div><\/div><\/div><div class=\"prelude-content-box clearfix\" ><div class=\"vc-custom-col-inner-spacing clearfix vc-col-inner-spacing-30\"><div class=\"wpb_row vc_inner vc_row-fluid\"><div class=\"wpb_column vc_column_container vc_col-sm-2\/5\"><div class=\"vc_column-inner\"><div class=\"wpb_wrapper\"><div class=\"prelude-image-box clearfix style-1\" style=\"\" >\r\n        <div class=\"item\">\r\n            <div class=\"inner\">\r\n                <div class=\"thumb\" style=\"\"><img width=\"2560\" height=\"1707\" src=\"https:\/\/oip-import-export.com\/wp-content\/uploads\/2023\/04\/Market-Growth-Planning_Option_01-scaled.jpg\" class=\"attachment-full size-full\" alt=\"\" decoding=\"async\" loading=\"lazy\" srcset=\"https:\/\/oip-import-export.com\/wp-content\/uploads\/2023\/04\/Market-Growth-Planning_Option_01-scaled.jpg 2560w, https:\/\/oip-import-export.com\/wp-content\/uploads\/2023\/04\/Market-Growth-Planning_Option_01-300x200.jpg 300w, https:\/\/oip-import-export.com\/wp-content\/uploads\/2023\/04\/Market-Growth-Planning_Option_01-1024x683.jpg 1024w, https:\/\/oip-import-export.com\/wp-content\/uploads\/2023\/04\/Market-Growth-Planning_Option_01-768x512.jpg 768w, https:\/\/oip-import-export.com\/wp-content\/uploads\/2023\/04\/Market-Growth-Planning_Option_01-1536x1024.jpg 1536w, https:\/\/oip-import-export.com\/wp-content\/uploads\/2023\/04\/Market-Growth-Planning_Option_01-2048x1365.jpg 2048w, https:\/\/oip-import-export.com\/wp-content\/uploads\/2023\/04\/Market-Growth-Planning_Option_01-535x357.jpg 535w\" sizes=\"(max-width: 2560px) 100vw, 2560px\" \/> <\/div>\r\n                <div class=\"text-wrap\" style=\"\">\r\n                      \r\n                <\/div>\r\n                \r\n            <\/div>\r\n        <\/div>\r\n    <\/div>\r\n\t<div class=\"prelude-spacer clearfix\" data-desktop=\"80\" data-mobi=\"50\" data-smobi=\"50\"><\/div><\/div><\/div><\/div><div class=\"wpb_column vc_column_container vc_col-sm-3\/5\"><div class=\"vc_column-inner\"><div class=\"wpb_wrapper\">\r\n\t<div class=\"prelude-spacer clearfix\" data-desktop=\"20\" data-mobi=\"5\" data-smobi=\"5\"><\/div><div class=\"prelude-single-heading clearfix  has-line\" style=\"\"><span class=\"inner\"><span class=\"line accent\" style=\"width:40px;height:2px;\"><\/span><span class=\"heading clearfix\" style=\"font-weight:700;color:#0a0a0a;\">\r\n\t\tPlanung des Marktwachstums\r\n\t<\/span><\/span><\/div>\n\t<div class=\"wpb_text_column wpb_content_element\" >\n\t\t<div class=\"wpb_wrapper\">\n\t\t\t<p><span style=\"font-weight: 400;\">Nach dem Markteintritt konzentrieren wir uns auf Wachstum und Verbesserung. Unsere Grundphilosophie ist es, dies durch die Konzentration auf die Bed\u00fcrfnisse unserer Kunden zu erreichen. Dar\u00fcber hinaus investieren wir in hohem Ma\u00dfe in die kontinuierliche Verbesserung der Sichtbarkeit und Erreichbarkeit auf dem lokalen Markt. <\/span><\/p>\n<p><span style=\"font-weight: 400;\">Gleichzeitig legen wir gro\u00dfen Wert auf die Rationalisierung unserer Prozesse und die Entwicklung unseres lokalen Personals (vielschichtige und kontinuierliche Schulungen), damit es sich in seinem T\u00e4tigkeitsbereich auszeichnet.<\/span><\/p>\n\n\t\t<\/div>\n\t<\/div>\n\r\n\t<div class=\"prelude-spacer clearfix\" data-desktop=\"80\" data-mobi=\"50\" data-smobi=\"50\"><\/div><\/div><\/div><\/div><\/div><\/div><\/div><\/div><\/div><\/div><\/div><\/div><\/section><\/div>\n<\/section>","protected":false},"excerpt":{"rendered":"Strategic Market Entry Market entry planning Market growth planning Market entry planning: OIP and local partner prior to product introduction into the respective market diligently analyse, evaluate and map out strategy of product introduction into the new market. This involves definition of target groups and demand, what steps are needed","protected":false},"author":5,"featured_media":0,"parent":0,"menu_order":0,"comment_status":"closed","ping_status":"closed","template":"","meta":[],"_links":{"self":[{"href":"https:\/\/oip-import-export.com\/de\/wp-json\/wp\/v2\/pages\/13442"}],"collection":[{"href":"https:\/\/oip-import-export.com\/de\/wp-json\/wp\/v2\/pages"}],"about":[{"href":"https:\/\/oip-import-export.com\/de\/wp-json\/wp\/v2\/types\/page"}],"author":[{"embeddable":true,"href":"https:\/\/oip-import-export.com\/de\/wp-json\/wp\/v2\/users\/5"}],"replies":[{"embeddable":true,"href":"https:\/\/oip-import-export.com\/de\/wp-json\/wp\/v2\/comments?post=13442"}],"version-history":[{"count":6,"href":"https:\/\/oip-import-export.com\/de\/wp-json\/wp\/v2\/pages\/13442\/revisions"}],"predecessor-version":[{"id":13722,"href":"https:\/\/oip-import-export.com\/de\/wp-json\/wp\/v2\/pages\/13442\/revisions\/13722"}],"wp:attachment":[{"href":"https:\/\/oip-import-export.com\/de\/wp-json\/wp\/v2\/media?parent=13442"}],"curies":[{"name":"wp","href":"https:\/\/api.w.org\/{rel}","templated":true}]}}