{"id":9640,"date":"2019-06-18T01:23:58","date_gmt":"2019-06-17T23:23:58","guid":{"rendered":"http:\/\/ninzio.com\/prelude\/?page_id=9640"},"modified":"2023-05-30T19:15:18","modified_gmt":"2023-05-30T17:15:18","slug":"en","status":"publish","type":"page","link":"https:\/\/oip-import-export.com\/de\/","title":{"rendered":"Home &#8211; English"},"content":{"rendered":"<section class=\"wpb-content-wrapper\"><div class=\"vc-custom-col-spacing clearfix vc-col-spacing-30\"><section class=\"wpb_row vc_row-fluid row-content-position-Default\"><div class=\"prelude-container\"><div class=\"row-inner clearfix\"><div class=\"wpb_column vc_column_container vc_col-sm-12\"><div class=\"vc_column-inner\"><div class=\"wpb_wrapper\">\n\t\t\t<!-- START Slider Construction REVOLUTION SLIDER 6.6.12 --><p class=\"rs-p-wp-fix\"><\/p>\n\t\t\t<rs-module-wrap id=\"rev_slider_4_1_wrapper\" data-source=\"gallery\" style=\"visibility:hidden;background:transparent;padding:0;margin:0px auto;margin-top:0;margin-bottom:0;\">\n\t\t\t\t<rs-module id=\"rev_slider_4_1\" style=\"\" data-version=\"6.6.12\">\n\t\t\t\t\t<rs-slides style=\"overflow: hidden; position: absolute;\">\n\t\t\t\t\t\t<rs-slide style=\"position: absolute;\" data-key=\"rs-14\" data-title=\"Slide\" data-in=\"o:0;\" data-out=\"a:false;\">\n\t\t\t\t\t\t\t<img src=\"\/\/oip-import-export.com\/wp-content\/plugins\/revslider\/public\/assets\/assets\/dummy.png\" alt=\"\" title=\"image\" width=\"10000\" height=\"3750\" class=\"rev-slidebg tp-rs-img rs-lazyload\" data-lazyload=\"\/\/oip-import-export.com\/wp-content\/uploads\/2023\/04\/image.png\" data-no-retina>\n<!--\n\t\t\t\t\t\t\t--><rs-layer\n\t\t\t\t\t\t\t\tid=\"slider-4-slide-14-layer-0\" \n\t\t\t\t\t\t\t\tclass=\"heading-font\"\n\t\t\t\t\t\t\t\tdata-type=\"text\"\n\t\t\t\t\t\t\t\tdata-rsp_ch=\"on\"\n\t\t\t\t\t\t\t\tdata-xy=\"x:c;xo:1px,0,0,0;y:m;yo:-96px,-74px,-188px,-150px;\"\n\t\t\t\t\t\t\t\tdata-text=\"w:normal;s:90,90,68,41;l:90,90,68,41;a:center;\"\n\t\t\t\t\t\t\t\tdata-dim=\"w:1154px,1020px,774px,477px;\"\n\t\t\t\t\t\t\t\tdata-frame_0=\"y:50,43,32,19;\"\n\t\t\t\t\t\t\t\tdata-frame_1=\"sp:1000;\"\n\t\t\t\t\t\t\t\tdata-frame_999=\"o:0;st:w;sR:8000;\"\n\t\t\t\t\t\t\t\tstyle=\"z-index:9;font-family:'Roboto';\"\n\t\t\t\t\t\t\t>Exzellente Produkterfahrung<br \/>\nEffektive Kollaboration \n\t\t\t\t\t\t\t<\/rs-layer><!--\n\n\t\t\t\t\t\t\t--><rs-layer\n\t\t\t\t\t\t\t\tid=\"slider-4-slide-14-layer-1\" \n\t\t\t\t\t\t\t\tdata-type=\"text\"\n\t\t\t\t\t\t\t\tdata-xy=\"x:c;xo:3px,0,0,0;y:m;yo:105px,94px,17px,13px;\"\n\t\t\t\t\t\t\t\tdata-text=\"w:normal;s:22,22,20,17;l:35,35,30,28;a:center;\"\n\t\t\t\t\t\t\t\tdata-dim=\"w:680px,680px,440px,360px;\"\n\t\t\t\t\t\t\t\tdata-rsp_bd=\"off\"\n\t\t\t\t\t\t\t\tdata-frame_0=\"y:50,43,32,19;\"\n\t\t\t\t\t\t\t\tdata-frame_1=\"st:200;sp:1000;sR:200;\"\n\t\t\t\t\t\t\t\tdata-frame_999=\"o:0;st:w;sR:7800;\"\n\t\t\t\t\t\t\t\tstyle=\"z-index:8;font-family:'Roboto';\"\n\t\t\t\t\t\t\t>Unsere Vision<br \/>\nDer meist gesch\u00e4tzte und vertrauensw\u00fcrdige Distributor f\u00fcr unsere Partner zu sein  \n\t\t\t\t\t\t\t<\/rs-layer><!--\n-->\t\t\t\t\t\t<\/rs-slide>\n\t\t\t\t\t\t<rs-slide style=\"position: absolute;\" data-key=\"rs-15\" data-title=\"Slide\" data-in=\"o:0;\" data-out=\"a:false;\">\n\t\t\t\t\t\t\t<img src=\"\/\/oip-import-export.com\/wp-content\/plugins\/revslider\/public\/assets\/assets\/dummy.png\" alt=\"\" title=\"image (1)\" width=\"1920\" height=\"865\" class=\"rev-slidebg tp-rs-img rs-lazyload\" data-lazyload=\"\/\/oip-import-export.com\/wp-content\/uploads\/2023\/04\/image-1.png\" data-no-retina>\n<!--\n\t\t\t\t\t\t\t--><rs-layer\n\t\t\t\t\t\t\t\tid=\"slider-4-slide-15-layer-0\" \n\t\t\t\t\t\t\t\tclass=\"heading-font\"\n\t\t\t\t\t\t\t\tdata-type=\"text\"\n\t\t\t\t\t\t\t\tdata-rsp_ch=\"on\"\n\t\t\t\t\t\t\t\tdata-xy=\"x:c;y:m;yo:-103px,-74px,-188px,-150px;\"\n\t\t\t\t\t\t\t\tdata-text=\"w:normal;s:90,90,68,41;l:90,90,68,41;a:center;\"\n\t\t\t\t\t\t\t\tdata-dim=\"w:1169px,1020px,774px,477px;\"\n\t\t\t\t\t\t\t\tdata-frame_0=\"y:50,43,32,19;\"\n\t\t\t\t\t\t\t\tdata-frame_1=\"sp:1000;\"\n\t\t\t\t\t\t\t\tdata-frame_999=\"o:0;st:w;sR:8000;\"\n\t\t\t\t\t\t\t\tstyle=\"z-index:11;font-family:'Roboto';\"\n\t\t\t\t\t\t\t>Exzellente Produkterfahrung<br \/>\nEffektive Kollaboration \n\t\t\t\t\t\t\t<\/rs-layer><!--\n\n\t\t\t\t\t\t\t--><rs-layer\n\t\t\t\t\t\t\t\tid=\"slider-4-slide-15-layer-1\" \n\t\t\t\t\t\t\t\tdata-type=\"text\"\n\t\t\t\t\t\t\t\tdata-xy=\"x:c;y:m;yo:59px,94px,17px,13px;\"\n\t\t\t\t\t\t\t\tdata-text=\"w:normal;s:22,22,20,17;l:35,35,30,28;a:center;\"\n\t\t\t\t\t\t\t\tdata-dim=\"w:680px,680px,440px,360px;\"\n\t\t\t\t\t\t\t\tdata-rsp_bd=\"off\"\n\t\t\t\t\t\t\t\tdata-frame_0=\"y:50,43,32,19;\"\n\t\t\t\t\t\t\t\tdata-frame_1=\"st:200;sp:1000;sR:200;\"\n\t\t\t\t\t\t\t\tdata-frame_999=\"o:0;st:w;sR:7800;\"\n\t\t\t\t\t\t\t\tstyle=\"z-index:10;font-family:'Roboto';\"\n\t\t\t\t\t\t\t>Unsere Vision<br \/>\nDer meist gesch\u00e4tzte und vertrauensw\u00fcrdige Distributor f\u00fcr unsere Partner zu sein  \n\t\t\t\t\t\t\t<\/rs-layer><!--\n-->\t\t\t\t\t\t<\/rs-slide>\n\t\t\t\t\t\t<rs-slide style=\"position: absolute;\" data-key=\"rs-16\" data-title=\"Slide\" data-in=\"o:0;\" data-out=\"a:false;\">\n\t\t\t\t\t\t\t<img src=\"\/\/oip-import-export.com\/wp-content\/plugins\/revslider\/public\/assets\/assets\/dummy.png\" alt=\"\" title=\"image (2)\" width=\"2560\" height=\"1180\" class=\"rev-slidebg tp-rs-img rs-lazyload\" data-lazyload=\"\/\/oip-import-export.com\/wp-content\/uploads\/2023\/04\/image-2.png\" data-no-retina>\n<!--\n\t\t\t\t\t\t\t--><rs-layer\n\t\t\t\t\t\t\t\tid=\"slider-4-slide-16-layer-0\" \n\t\t\t\t\t\t\t\tclass=\"heading-font\"\n\t\t\t\t\t\t\t\tdata-type=\"text\"\n\t\t\t\t\t\t\t\tdata-rsp_ch=\"on\"\n\t\t\t\t\t\t\t\tdata-xy=\"x:c;y:m;yo:-103px,-74px,-188px,-150px;\"\n\t\t\t\t\t\t\t\tdata-text=\"w:normal;s:90,90,68,41;l:90,90,68,41;a:center;\"\n\t\t\t\t\t\t\t\tdata-dim=\"w:1156px,1020px,774px,477px;\"\n\t\t\t\t\t\t\t\tdata-frame_0=\"y:50,43,32,19;\"\n\t\t\t\t\t\t\t\tdata-frame_1=\"sp:1000;\"\n\t\t\t\t\t\t\t\tdata-frame_999=\"o:0;st:w;sR:8000;\"\n\t\t\t\t\t\t\t\tstyle=\"z-index:11;font-family:'Roboto';\"\n\t\t\t\t\t\t\t>Exzellente Produkterfahrung<br \/>\nEffektive Kollaboration \n\t\t\t\t\t\t\t<\/rs-layer><!--\n\n\t\t\t\t\t\t\t--><rs-layer\n\t\t\t\t\t\t\t\tid=\"slider-4-slide-16-layer-1\" \n\t\t\t\t\t\t\t\tdata-type=\"text\"\n\t\t\t\t\t\t\t\tdata-xy=\"x:c;y:m;yo:80px,94px,17px,13px;\"\n\t\t\t\t\t\t\t\tdata-text=\"w:normal;s:22,22,20,17;l:35,35,30,28;a:center;\"\n\t\t\t\t\t\t\t\tdata-dim=\"w:680px,680px,440px,360px;\"\n\t\t\t\t\t\t\t\tdata-rsp_bd=\"off\"\n\t\t\t\t\t\t\t\tdata-frame_0=\"y:50,43,32,19;\"\n\t\t\t\t\t\t\t\tdata-frame_1=\"st:200;sp:1000;sR:200;\"\n\t\t\t\t\t\t\t\tdata-frame_999=\"o:0;st:w;sR:7800;\"\n\t\t\t\t\t\t\t\tstyle=\"z-index:10;font-family:'Roboto';\"\n\t\t\t\t\t\t\t>Unsere Vision<br \/>\nDer meist gesch\u00e4tzte und vertrauensw\u00fcrdige Distributor f\u00fcr unsere Partner zu sein  \n\t\t\t\t\t\t\t<\/rs-layer><!--\n-->\t\t\t\t\t\t<\/rs-slide>\n\t\t\t\t\t<\/rs-slides>\n\t\t\t\t\t<rs-static-layers><!--\n\t\t\t\t\t--><\/rs-static-layers>\n\t\t\t\t<\/rs-module>\n\t\t\t\t<script>\n\t\t\t\t\tsetREVStartSize({c: 'rev_slider_4_1',rl:[1240,1024,778,480],el:[1080,768,960,720],gw:[1170,1024,778,480],gh:[1080,768,960,720],type:'standard',justify:'',layout:'fullwidth',mh:\"0\"});if (window.RS_MODULES!==undefined && window.RS_MODULES.modules!==undefined && window.RS_MODULES.modules[\"revslider41\"]!==undefined) {window.RS_MODULES.modules[\"revslider41\"].once = false;window.revapi4 = undefined;if (window.RS_MODULES.checkMinimal!==undefined) window.RS_MODULES.checkMinimal()}\n\t\t\t\t<\/script>\n\t\t\t<\/rs-module-wrap>\n\t\t\t<!-- END REVOLUTION SLIDER -->\n<\/div><\/div><\/div><\/div><\/div><\/section><\/div><div class=\"vc-custom-col-spacing clearfix vc-col-spacing-30\"><section class=\"wpb_row vc_row-fluid tablet-responsive-fix row-content-position-Default\"><div class=\"prelude-container\"><div class=\"row-inner clearfix\"><div class=\"wpb_column vc_column_container vc_col-sm-12\"><div class=\"vc_column-inner\"><div class=\"wpb_wrapper\"><div class=\"prelude-content-box clearfix\" data-padding=\"\" data-mobipadding=\"\" data-margin=\"-180px 0 0 0\" data-mobimargin=\"-70px 0 0 0\" >\r\n\t\t<div class=\"inner ctb-2061661512\" style=\"\"  data-background=\"\">\r\n\t\t\t<div class=\"prelude-scroll-target text-center\">\r\n\t\t\t<a href=\"#first-row\" style=\"color:#ffffff;\">\r\n\t\t\t<\/a>\r\n\t\t<\/div>\r\n\t\t<\/div>\r\n\t<\/div><\/div><\/div><\/div><\/div><\/div><\/section><\/div><div class=\"vc-custom-col-spacing clearfix vc-col-spacing-30\"><section id=\"first-row\" class=\"wpb_row vc_row-fluid vc_custom_1578821541346 vc_row-has-fill row-content-position-Default\"><div class=\"prelude-container\"><div class=\"row-inner clearfix\"><div class=\"wpb_column vc_column_container vc_col-sm-12\"><div class=\"vc_column-inner\"><div class=\"wpb_wrapper\">\r\n\t<div class=\"prelude-spacer clearfix\" data-desktop=\"100\" data-mobi=\"60\" data-smobi=\"60\"><\/div><div class=\"prelude-content-box clearfix\" ><div class=\"vc-custom-col-inner-spacing clearfix vc-col-inner-spacing-30\"><div class=\"wpb_row vc_inner vc_row-fluid\"><div class=\"wpb_column vc_column_container vc_col-sm-6\"><div class=\"vc_column-inner\"><div class=\"wpb_wrapper\">\r\n\t<div class=\"prelude-spacer clearfix\" data-desktop=\"42\" data-mobi=\"0\" data-smobi=\"0\"><\/div>\n\t<div class=\"wpb_text_column wpb_content_element\" >\n\t\t<div class=\"wpb_wrapper\">\n\t\t\t<h2 style=\"max-width: 500px; font-weight: 600; font-size: 42px; margin-bottom: 8px;\"><span style=\"color: #f7b446;\">Qualitativ hochwertige Produkte <\/span>Distributionsleistungen<\/h2>\n\n\t\t<\/div>\n\t<\/div>\n<div class=\"prelude-simple-image simple\" style=\"\">\r\n\t\t\t\t<img alt=\"image\" src=\"https:\/\/oip-import-export.com\/wp-content\/uploads\/2019\/12\/yellow-dotts.png\" \/> \r\n\t\t\t<\/div>\n\t<div class=\"wpb_text_column wpb_content_element\" >\n\t\t<div class=\"wpb_wrapper\">\n\t\t\t<div style=\"max-width: 550px; color: #5e5d6c; margin-top: 27px;\">\n<p class=\"p1\">OIP ist ein in Deutschland ans\u00e4ssiges Unternehmen, das Vertriebsdienstleistungen f\u00fcr qualitativ hochwertige Produkte anbietet. Unsere Partner sind OEMs (Original Equipment Manufacturers) mit einer Leidenschaft f\u00fcr erstklassige Produktqualit\u00e4t und der Absicht, sich Zugang zu neuen M\u00e4rkten zu verschaffen. Um einen optimierten Markteintritt und Marktwachstum zu erm\u00f6glichen und die besten Ergebnisse f\u00fcr unsere Partner zu erzielen, arbeiten wir mit lokalen Partnern an unseren verschiedenen Standorten zusammen.<\/p>\n<\/div>\n\n\t\t<\/div>\n\t<\/div>\n\r\n\t<div class=\"prelude-spacer clearfix\" data-desktop=\"42\" data-mobi=\"30\" data-smobi=\"30\"><\/div><div class=\"button-wrap icon-right\" style=\"\" ><a href=\"#\" target=\"_self\" class=\"prelude-button btn-1131838706 medium no_icon custom custom outline solid custom\" style=\"border-radius:3px;border-width:1px;\"  data-background=\"#f7b446\" data-text=\"#ffffff\" data-border=\"\" data-text-hover=\"#ffffff\" data-background-hover=\"#39374d\">\r\n\t\t<span style=\"\">\u00dcber uns <\/span>\r\n\t<\/a><\/div>\r\n\t<div class=\"prelude-spacer clearfix\" data-desktop=\"0\" data-mobi=\"40\" data-smobi=\"40\"><\/div><\/div><\/div><\/div><div class=\"wpb_column vc_column_container vc_col-sm-6\"><div class=\"vc_column-inner\"><div class=\"wpb_wrapper\"><div class=\"prelude-simple-image simple\" style=\"border-radius:5px;overflow:hidden;\">\r\n\t\t\t\t<img alt=\"image\" src=\"https:\/\/oip-import-export.com\/wp-content\/uploads\/2023\/04\/8004090-Pano-scaled.jpg\" \/> \r\n\t\t\t<\/div><\/div><\/div><\/div><\/div><\/div><\/div>\r\n\t<div class=\"prelude-spacer clearfix\" data-desktop=\"100\" data-mobi=\"60\" data-smobi=\"60\"><\/div><\/div><\/div><\/div><\/div><\/div><\/section><\/div><div class=\"vc-custom-col-spacing clearfix vc-col-spacing-30\"><section class=\"wpb_row vc_row-fluid vc_custom_1576461327392 vc_row-has-fill row-content-position-Default\"><div class=\"prelude-container\"><div class=\"row-inner clearfix\"><div class=\"wpb_column vc_column_container vc_col-sm-12\"><div class=\"vc_column-inner\"><div class=\"wpb_wrapper\">\r\n\t<div class=\"prelude-spacer clearfix\" data-desktop=\"100\" data-mobi=\"60\" data-smobi=\"60\"><\/div><\/div><\/div><\/div><\/div><\/div><\/section><\/div><div class=\"vc-custom-col-spacing clearfix vc-col-spacing-30\"><section class=\"wpb_row vc_row-fluid vc_custom_1577932909630 vc_row-has-fill row-content-position-Default\"><div class=\"prelude-container\"><div class=\"row-inner clearfix\"><div class=\"wpb_column vc_column_container vc_col-sm-12\"><div class=\"vc_column-inner\"><div class=\"wpb_wrapper\">\r\n\t<div class=\"prelude-spacer clearfix\" data-desktop=\"90\" data-mobi=\"60\" data-smobi=\"60\"><\/div>\n\t<div class=\"wpb_text_column wpb_content_element\" >\n\t\t<div class=\"wpb_wrapper\">\n\t\t\t<h2 style=\"max-width: 900px; margin: 0 auto 8px; font-weight: 600; font-size: 42px; text-align: center;\"><span style=\"color: #f7b446;\">Unser Fokus liegt auf <\/span>Qualit\u00e4t und Dienstleistungen<\/h2>\n\n\t\t<\/div>\n\t<\/div>\n<div class=\"prelude-simple-image simple\" style=\"text-align:center; margin:0 auto;\">\r\n\t\t\t\t<img alt=\"image\" src=\"https:\/\/oip-import-export.com\/wp-content\/uploads\/2019\/12\/yellow-dotts.png\" \/> \r\n\t\t\t<\/div>\r\n\t<div class=\"prelude-spacer clearfix\" data-desktop=\"94\" data-mobi=\"40\" data-smobi=\"40\"><\/div><div class=\"prelude-content-box clearfix\" ><div class=\"vc-custom-col-inner-spacing clearfix vc-col-inner-spacing-30\"><div class=\"wpb_row vc_inner vc_row-fluid\"><div class=\"wpb_column vc_column_container vc_col-sm-4\"><div class=\"vc_column-inner\"><div class=\"wpb_wrapper\"><div class=\"prelude-image-box clearfix style-1\" style=\"\" >\r\n        <div class=\"item\">\r\n            <div class=\"inner\">\r\n                <div class=\"thumb\" style=\"\"><img width=\"2560\" height=\"1090\" src=\"https:\/\/oip-import-export.com\/wp-content\/uploads\/2023\/04\/Our-Services_Main_Option_03-scaled.jpg\" class=\"attachment-full size-full\" alt=\"\" decoding=\"async\" loading=\"lazy\" srcset=\"https:\/\/oip-import-export.com\/wp-content\/uploads\/2023\/04\/Our-Services_Main_Option_03-scaled.jpg 2560w, https:\/\/oip-import-export.com\/wp-content\/uploads\/2023\/04\/Our-Services_Main_Option_03-300x128.jpg 300w, https:\/\/oip-import-export.com\/wp-content\/uploads\/2023\/04\/Our-Services_Main_Option_03-1024x436.jpg 1024w, https:\/\/oip-import-export.com\/wp-content\/uploads\/2023\/04\/Our-Services_Main_Option_03-768x327.jpg 768w, https:\/\/oip-import-export.com\/wp-content\/uploads\/2023\/04\/Our-Services_Main_Option_03-1536x654.jpg 1536w, https:\/\/oip-import-export.com\/wp-content\/uploads\/2023\/04\/Our-Services_Main_Option_03-2048x872.jpg 2048w, https:\/\/oip-import-export.com\/wp-content\/uploads\/2023\/04\/Our-Services_Main_Option_03-535x228.jpg 535w\" sizes=\"(max-width: 2560px) 100vw, 2560px\" \/> <\/div>\r\n                <div class=\"text-wrap\" style=\" padding:24px 30px 32px;\">\r\n                    <h3 class=\"title\" style=\"font-size:22px;margin-bottom:16px;\">\r\n            VERTRIEB VON HIGH-END-PRODUKTEN\r\n        <\/h3> <div class=\"desc\" style=\"font-size:16px;line-height:26px;margin-bottom:24px;\">Unser Schwerpunkt liegt auf dem Vertrieb und der Vermarktung von erstklassigen Qualit\u00e4ts- und High-End-Produkten, die von unseren Partnern entworfen, entwickelt und produziert werden.<\/div> <div class=\"url-wrap text-right\">\r\n        <a target=\"_self\" class=\"prelude-arrow hover-accent\" href=\"https:\/\/oip-import-export.com\/de\/high-end-product-distribution\/\">\r\n            <span class=\"core-icon-arrow-right\"><\/span>\r\n        <\/a>\r\n        <\/div>\r\n                <\/div>\r\n                \r\n            <\/div>\r\n        <\/div>\r\n    <\/div>\r\n\t<div class=\"prelude-spacer clearfix\" data-desktop=\"0\" data-mobi=\"40\" data-smobi=\"40\"><\/div><\/div><\/div><\/div><div class=\"wpb_column vc_column_container vc_col-sm-4\"><div class=\"vc_column-inner\"><div class=\"wpb_wrapper\"><div class=\"prelude-image-box clearfix style-1\" style=\"\" >\r\n        <div class=\"item\">\r\n            <div class=\"inner\">\r\n                <div class=\"thumb\" style=\"\"><img width=\"2560\" height=\"972\" src=\"https:\/\/oip-import-export.com\/wp-content\/uploads\/2023\/04\/Strategic-Market-Entry_Main_Option_01-1-scaled-e1682438338107.jpg\" class=\"attachment-full size-full\" alt=\"\" decoding=\"async\" loading=\"lazy\" srcset=\"https:\/\/oip-import-export.com\/wp-content\/uploads\/2023\/04\/Strategic-Market-Entry_Main_Option_01-1-scaled-e1682438338107.jpg 2560w, https:\/\/oip-import-export.com\/wp-content\/uploads\/2023\/04\/Strategic-Market-Entry_Main_Option_01-1-scaled-e1682438338107-300x114.jpg 300w, https:\/\/oip-import-export.com\/wp-content\/uploads\/2023\/04\/Strategic-Market-Entry_Main_Option_01-1-scaled-e1682438338107-1024x389.jpg 1024w, https:\/\/oip-import-export.com\/wp-content\/uploads\/2023\/04\/Strategic-Market-Entry_Main_Option_01-1-scaled-e1682438338107-768x292.jpg 768w, https:\/\/oip-import-export.com\/wp-content\/uploads\/2023\/04\/Strategic-Market-Entry_Main_Option_01-1-scaled-e1682438338107-1536x583.jpg 1536w, https:\/\/oip-import-export.com\/wp-content\/uploads\/2023\/04\/Strategic-Market-Entry_Main_Option_01-1-scaled-e1682438338107-2048x778.jpg 2048w, https:\/\/oip-import-export.com\/wp-content\/uploads\/2023\/04\/Strategic-Market-Entry_Main_Option_01-1-scaled-e1682438338107-535x203.jpg 535w\" sizes=\"(max-width: 2560px) 100vw, 2560px\" \/> <\/div>\r\n                <div class=\"text-wrap\" style=\" padding:24px 30px 32px;\">\r\n                    <h3 class=\"title\" style=\"font-size:22px;margin-bottom:16px;\">\r\n            STRATEGISCHER MARKTEINTRITT\r\n        <\/h3> <div class=\"desc\" style=\"font-size:16px;line-height:26px;margin-bottom:24px;\">OIP ist Ihr zuverl\u00e4ssiger Partner und Dienstleister fu\u0308r die Versandabwicklung, die Bearbeitung von Dokumenten und sichere Zahlungsverfahren<br \/>\ndocuments handling and secured payment procedures<\/div> <div class=\"url-wrap text-right\">\r\n        <a target=\"_self\" class=\"prelude-arrow hover-accent\" href=\"https:\/\/oip-import-export.com\/de\/strategic-market-entry\/\">\r\n            <span class=\"core-icon-arrow-right\"><\/span>\r\n        <\/a>\r\n        <\/div>\r\n                <\/div>\r\n                \r\n            <\/div>\r\n        <\/div>\r\n    <\/div>\r\n\t<div class=\"prelude-spacer clearfix\" data-desktop=\"0\" data-mobi=\"40\" data-smobi=\"40\"><\/div><\/div><\/div><\/div><div class=\"wpb_column vc_column_container vc_col-sm-4\"><div class=\"vc_column-inner\"><div class=\"wpb_wrapper\"><div class=\"prelude-image-box clearfix style-1\" style=\"\" >\r\n        <div class=\"item\">\r\n            <div class=\"inner\">\r\n                <div class=\"thumb\" style=\"\"><img width=\"2560\" height=\"1292\" src=\"https:\/\/oip-import-export.com\/wp-content\/uploads\/2023\/04\/First-Class-Customer-Services-Main-Pic_Option_01-1-scaled.jpg\" class=\"attachment-full size-full\" alt=\"\" decoding=\"async\" loading=\"lazy\" srcset=\"https:\/\/oip-import-export.com\/wp-content\/uploads\/2023\/04\/First-Class-Customer-Services-Main-Pic_Option_01-1-scaled.jpg 2560w, https:\/\/oip-import-export.com\/wp-content\/uploads\/2023\/04\/First-Class-Customer-Services-Main-Pic_Option_01-1-300x151.jpg 300w, https:\/\/oip-import-export.com\/wp-content\/uploads\/2023\/04\/First-Class-Customer-Services-Main-Pic_Option_01-1-1024x517.jpg 1024w, https:\/\/oip-import-export.com\/wp-content\/uploads\/2023\/04\/First-Class-Customer-Services-Main-Pic_Option_01-1-768x388.jpg 768w, https:\/\/oip-import-export.com\/wp-content\/uploads\/2023\/04\/First-Class-Customer-Services-Main-Pic_Option_01-1-1536x775.jpg 1536w, https:\/\/oip-import-export.com\/wp-content\/uploads\/2023\/04\/First-Class-Customer-Services-Main-Pic_Option_01-1-2048x1033.jpg 2048w, https:\/\/oip-import-export.com\/wp-content\/uploads\/2023\/04\/First-Class-Customer-Services-Main-Pic_Option_01-1-535x270.jpg 535w\" sizes=\"(max-width: 2560px) 100vw, 2560px\" \/> <\/div>\r\n                <div class=\"text-wrap\" style=\" padding:24px 30px 32px;\">\r\n                    <h3 class=\"title\" style=\"font-size:22px;margin-bottom:16px;\">\r\n            ERSTKLASSIGER KUNDENSERVICE\r\n        <\/h3> <div class=\"desc\" style=\"font-size:16px;line-height:26px;margin-bottom:24px;\">Wir bieten unseren Fachh\u00e4ndlern und Kunden eine effiziente und effektive Beratung auf der Basis von hohem Produkt-Know-how und bester technischer Unterst\u00fctzung in jeder Situation.<\/div> <div class=\"url-wrap text-right\">\r\n        <a target=\"_self\" class=\"prelude-arrow hover-accent\" href=\"https:\/\/oip-import-export.com\/de\/first-class-customer-service\/\">\r\n            <span class=\"core-icon-arrow-right\"><\/span>\r\n        <\/a>\r\n        <\/div>\r\n                <\/div>\r\n                \r\n            <\/div>\r\n        <\/div>\r\n    <\/div><\/div><\/div><\/div><\/div><\/div><\/div>\r\n\t<div class=\"prelude-spacer clearfix\" data-desktop=\"40\" data-mobi=\"20\" data-smobi=\"20\"><\/div><\/div><\/div><\/div><\/div><\/div><\/section><\/div>\n<\/section>","protected":false},"excerpt":{"rendered":"Excellent product experience Effective collaboration Our vision To be the most valued and trusted distribution service provider for our partners Excellent product experience Effective collaboration Our vision To be the most valued and trusted distribution service provider for our partners Excellent product experience Effective collaboration Our vision To be the","protected":false},"author":5,"featured_media":0,"parent":0,"menu_order":0,"comment_status":"closed","ping_status":"closed","template":"","meta":[],"_links":{"self":[{"href":"https:\/\/oip-import-export.com\/de\/wp-json\/wp\/v2\/pages\/9640"}],"collection":[{"href":"https:\/\/oip-import-export.com\/de\/wp-json\/wp\/v2\/pages"}],"about":[{"href":"https:\/\/oip-import-export.com\/de\/wp-json\/wp\/v2\/types\/page"}],"author":[{"embeddable":true,"href":"https:\/\/oip-import-export.com\/de\/wp-json\/wp\/v2\/users\/5"}],"replies":[{"embeddable":true,"href":"https:\/\/oip-import-export.com\/de\/wp-json\/wp\/v2\/comments?post=9640"}],"version-history":[{"count":17,"href":"https:\/\/oip-import-export.com\/de\/wp-json\/wp\/v2\/pages\/9640\/revisions"}],"predecessor-version":[{"id":13753,"href":"https:\/\/oip-import-export.com\/de\/wp-json\/wp\/v2\/pages\/9640\/revisions\/13753"}],"wp:attachment":[{"href":"https:\/\/oip-import-export.com\/de\/wp-json\/wp\/v2\/media?parent=9640"}],"curies":[{"name":"wp","href":"https:\/\/api.w.org\/{rel}","templated":true}]}}